{"id":259,"date":"2023-10-16T15:40:49","date_gmt":"2023-10-16T20:40:49","guid":{"rendered":"https:\/\/dontmesswithtexas.org\/blog\/"},"modified":"2026-01-30T12:49:45","modified_gmt":"2026-01-30T18:49:45","slug":"blog","status":"publish","type":"page","link":"https:\/\/dontmesswithtexas.org\/es\/blog","title":{"rendered":"Blog"},"content":{"rendered":"<div id=\"cs-content\" class=\"cs-content\"><\/div>\n","protected":false},"excerpt":{"rendered":"<p>No te metas con Texas\u00ae Blog Llevamos 30 a\u00f1os de ser parte de Texas. En este tiempo, hemos aprendido unas cuantas cosas sobre c\u00f3mo mantener el estado sin basura. Ahora, no gustar\u00eda compartir esa informaci\u00f3n contigo. Aqu\u00ed encontrar\u00e1s datos sobre la basura, trivia sobre la campa\u00f1a, manualidades infantiles antibasura y m\u00e1s. Te invitamos a visitar seguido esta p\u00e1gina para mantenerte &#8230; <\/p>\n<div><a href=\"https:\/\/dontmesswithtexas.org\/es\/blog\/dont-mess-with-texas-a-love-letter-to-our-state-this-february\" class=\"more-link\">Sigue leyendo<\/a><\/div>\n","protected":false},"author":6,"featured_media":0,"parent":0,"menu_order":0,"comment_status":"closed","ping_status":"closed","template":"template-blank-4.php","meta":{"_acf_changed":false,"footnotes":""},"class_list":["post-259","page","type-page","status-publish","hentry","no-post-thumbnail"],"acf":[],"yoast_head":"<!-- This site is optimized with the Yoast SEO plugin v27.4 - https:\/\/yoast.com\/product\/yoast-seo-wordpress\/ -->\n<title>Blog - Don&#039;t Mess With Texas<\/title>\n<meta name=\"description\" content=\"El blog &#039;Don&#039;t Mess with Texas&#039; est\u00e1 aqu\u00ed para ofrecerte la informaci\u00f3n que hemos aprendido sobre c\u00f3mo mantener este estado libre de basura.\" \/>\n<meta name=\"robots\" content=\"index, follow, max-snippet:-1, max-image-preview:large, max-video-preview:-1\" \/>\n<link rel=\"canonical\" href=\"https:\/\/dontmesswithtexas.org\/es\/blog\" \/>\n<meta property=\"og:locale\" content=\"es_ES\" \/>\n<meta property=\"og:type\" content=\"article\" \/>\n<meta property=\"og:title\" content=\"Blog - Don&#039;t Mess With Texas\" \/>\n<meta property=\"og:description\" content=\"El blog &#039;Don&#039;t Mess with Texas&#039; est\u00e1 aqu\u00ed para ofrecerte la informaci\u00f3n que hemos aprendido sobre c\u00f3mo mantener este estado libre de basura.\" \/>\n<meta property=\"og:url\" content=\"https:\/\/dontmesswithtexas.org\/es\/blog\" \/>\n<meta property=\"og:site_name\" content=\"Don&#039;t Mess With Texas\" \/>\n<meta property=\"article:publisher\" content=\"https:\/\/www.facebook.com\/dmwtprogram\" \/>\n<meta property=\"article:modified_time\" content=\"2026-01-30T18:49:45+00:00\" \/>\n<meta name=\"twitter:card\" content=\"summary_large_image\" \/>\n<meta name=\"twitter:site\" content=\"@DMWT_Program\" \/>\n<meta name=\"twitter:label1\" content=\"Tiempo de lectura\" \/>\n\t<meta name=\"twitter:data1\" content=\"1 minuto\" \/>\n<script type=\"application\/ld+json\" class=\"yoast-schema-graph\">{\"@context\":\"https:\\\/\\\/schema.org\",\"@graph\":[{\"@type\":\"WebPage\",\"@id\":\"https:\\\/\\\/dontmesswithtexas.org\\\/es\\\/blog\",\"url\":\"https:\\\/\\\/dontmesswithtexas.org\\\/es\\\/blog\",\"name\":\"Blog - Don&#039;t Mess With Texas\",\"isPartOf\":{\"@id\":\"https:\\\/\\\/dontmesswithtexas.org\\\/es\\\/#website\"},\"datePublished\":\"2023-10-16T20:40:49+00:00\",\"dateModified\":\"2026-01-30T18:49:45+00:00\",\"description\":\"El blog 'Don't Mess with Texas' est\u00e1 aqu\u00ed para ofrecerte la informaci\u00f3n que hemos aprendido sobre c\u00f3mo mantener este estado libre de basura.\",\"breadcrumb\":{\"@id\":\"https:\\\/\\\/dontmesswithtexas.org\\\/es\\\/blog#breadcrumb\"},\"inLanguage\":\"es\",\"potentialAction\":[{\"@type\":\"ReadAction\",\"target\":[\"https:\\\/\\\/dontmesswithtexas.org\\\/es\\\/blog\"]}]},{\"@type\":\"BreadcrumbList\",\"@id\":\"https:\\\/\\\/dontmesswithtexas.org\\\/es\\\/blog#breadcrumb\",\"itemListElement\":[{\"@type\":\"ListItem\",\"position\":1,\"name\":\"Inicio\",\"item\":\"https:\\\/\\\/dontmesswithtexas.org\\\/es?page_id=305\"},{\"@type\":\"ListItem\",\"position\":2,\"name\":\"Blog\"}]},{\"@type\":\"WebSite\",\"@id\":\"https:\\\/\\\/dontmesswithtexas.org\\\/es\\\/#website\",\"url\":\"https:\\\/\\\/dontmesswithtexas.org\\\/es\\\/\",\"name\":\"Don't Mess With Texas\",\"description\":\"\",\"publisher\":{\"@id\":\"https:\\\/\\\/dontmesswithtexas.org\\\/es\\\/#organization\"},\"potentialAction\":[{\"@type\":\"SearchAction\",\"target\":{\"@type\":\"EntryPoint\",\"urlTemplate\":\"https:\\\/\\\/dontmesswithtexas.org\\\/es\\\/?s={search_term_string}\"},\"query-input\":{\"@type\":\"PropertyValueSpecification\",\"valueRequired\":true,\"valueName\":\"search_term_string\"}}],\"inLanguage\":\"es\"},{\"@type\":\"Organization\",\"@id\":\"https:\\\/\\\/dontmesswithtexas.org\\\/es\\\/#organization\",\"name\":\"Don't Mess With Texas\",\"url\":\"https:\\\/\\\/dontmesswithtexas.org\\\/es\\\/\",\"logo\":{\"@type\":\"ImageObject\",\"inLanguage\":\"es\",\"@id\":\"https:\\\/\\\/dontmesswithtexas.org\\\/es\\\/#\\\/schema\\\/logo\\\/image\\\/\",\"url\":\"https:\\\/\\\/dontmesswithtexas.org\\\/wp-content\\\/uploads\\\/2023\\\/12\\\/TxDOT_DMWT_Logo_Black.png\",\"contentUrl\":\"https:\\\/\\\/dontmesswithtexas.org\\\/wp-content\\\/uploads\\\/2023\\\/12\\\/TxDOT_DMWT_Logo_Black.png\",\"width\":700,\"height\":73,\"caption\":\"Don't Mess With Texas\"},\"image\":{\"@id\":\"https:\\\/\\\/dontmesswithtexas.org\\\/es\\\/#\\\/schema\\\/logo\\\/image\\\/\"},\"sameAs\":[\"https:\\\/\\\/www.facebook.com\\\/dmwtprogram\",\"https:\\\/\\\/x.com\\\/DMWT_Program\",\"https:\\\/\\\/www.instagram.com\\\/dontmesstexas\",\"https:\\\/\\\/www.youtube.com\\\/user\\\/DontMessWithTexasTV\"]}]}<\/script>\n<!-- \/ Yoast SEO plugin. -->","yoast_head_json":{"title":"Blog - Don&#039;t Mess With Texas","description":"El blog 'Don't Mess with Texas' est\u00e1 aqu\u00ed para ofrecerte la informaci\u00f3n que hemos aprendido sobre c\u00f3mo mantener este estado libre de basura.","robots":{"index":"index","follow":"follow","max-snippet":"max-snippet:-1","max-image-preview":"max-image-preview:large","max-video-preview":"max-video-preview:-1"},"canonical":"https:\/\/dontmesswithtexas.org\/es\/blog","og_locale":"es_ES","og_type":"article","og_title":"Blog - Don&#039;t Mess With Texas","og_description":"El blog 'Don't Mess with Texas' est\u00e1 aqu\u00ed para ofrecerte la informaci\u00f3n que hemos aprendido sobre c\u00f3mo mantener este estado libre de basura.","og_url":"https:\/\/dontmesswithtexas.org\/es\/blog","og_site_name":"Don&#039;t Mess With Texas","article_publisher":"https:\/\/www.facebook.com\/dmwtprogram","article_modified_time":"2026-01-30T18:49:45+00:00","twitter_card":"summary_large_image","twitter_site":"@DMWT_Program","twitter_misc":{"Tiempo de lectura":"1 minuto"},"schema":{"@context":"https:\/\/schema.org","@graph":[{"@type":"WebPage","@id":"https:\/\/dontmesswithtexas.org\/es\/blog","url":"https:\/\/dontmesswithtexas.org\/es\/blog","name":"Blog - Don&#039;t Mess With Texas","isPartOf":{"@id":"https:\/\/dontmesswithtexas.org\/es\/#website"},"datePublished":"2023-10-16T20:40:49+00:00","dateModified":"2026-01-30T18:49:45+00:00","description":"El blog 'Don't Mess with Texas' est\u00e1 aqu\u00ed para ofrecerte la informaci\u00f3n que hemos aprendido sobre c\u00f3mo mantener este estado libre de basura.","breadcrumb":{"@id":"https:\/\/dontmesswithtexas.org\/es\/blog#breadcrumb"},"inLanguage":"es","potentialAction":[{"@type":"ReadAction","target":["https:\/\/dontmesswithtexas.org\/es\/blog"]}]},{"@type":"BreadcrumbList","@id":"https:\/\/dontmesswithtexas.org\/es\/blog#breadcrumb","itemListElement":[{"@type":"ListItem","position":1,"name":"Inicio","item":"https:\/\/dontmesswithtexas.org\/es?page_id=305"},{"@type":"ListItem","position":2,"name":"Blog"}]},{"@type":"WebSite","@id":"https:\/\/dontmesswithtexas.org\/es\/#website","url":"https:\/\/dontmesswithtexas.org\/es\/","name":"Don't Mess With Texas","description":"","publisher":{"@id":"https:\/\/dontmesswithtexas.org\/es\/#organization"},"potentialAction":[{"@type":"SearchAction","target":{"@type":"EntryPoint","urlTemplate":"https:\/\/dontmesswithtexas.org\/es\/?s={search_term_string}"},"query-input":{"@type":"PropertyValueSpecification","valueRequired":true,"valueName":"search_term_string"}}],"inLanguage":"es"},{"@type":"Organization","@id":"https:\/\/dontmesswithtexas.org\/es\/#organization","name":"Don't Mess With Texas","url":"https:\/\/dontmesswithtexas.org\/es\/","logo":{"@type":"ImageObject","inLanguage":"es","@id":"https:\/\/dontmesswithtexas.org\/es\/#\/schema\/logo\/image\/","url":"https:\/\/dontmesswithtexas.org\/wp-content\/uploads\/2023\/12\/TxDOT_DMWT_Logo_Black.png","contentUrl":"https:\/\/dontmesswithtexas.org\/wp-content\/uploads\/2023\/12\/TxDOT_DMWT_Logo_Black.png","width":700,"height":73,"caption":"Don't Mess With Texas"},"image":{"@id":"https:\/\/dontmesswithtexas.org\/es\/#\/schema\/logo\/image\/"},"sameAs":["https:\/\/www.facebook.com\/dmwtprogram","https:\/\/x.com\/DMWT_Program","https:\/\/www.instagram.com\/dontmesstexas","https:\/\/www.youtube.com\/user\/DontMessWithTexasTV"]}]}},"_links":{"self":[{"href":"https:\/\/dontmesswithtexas.org\/es\/index.php?rest_route=\/wp\/v2\/pages\/259","targetHints":{"allow":["GET"]}}],"collection":[{"href":"https:\/\/dontmesswithtexas.org\/es\/index.php?rest_route=\/wp\/v2\/pages"}],"about":[{"href":"https:\/\/dontmesswithtexas.org\/es\/index.php?rest_route=\/wp\/v2\/types\/page"}],"author":[{"embeddable":true,"href":"https:\/\/dontmesswithtexas.org\/es\/index.php?rest_route=\/wp\/v2\/users\/6"}],"replies":[{"embeddable":true,"href":"https:\/\/dontmesswithtexas.org\/es\/index.php?rest_route=%2Fwp%2Fv2%2Fcomments&post=259"}],"version-history":[{"count":1,"href":"https:\/\/dontmesswithtexas.org\/es\/index.php?rest_route=\/wp\/v2\/pages\/259\/revisions"}],"predecessor-version":[{"id":2000,"href":"https:\/\/dontmesswithtexas.org\/es\/index.php?rest_route=\/wp\/v2\/pages\/259\/revisions\/2000"}],"wp:attachment":[{"href":"https:\/\/dontmesswithtexas.org\/es\/index.php?rest_route=%2Fwp%2Fv2%2Fmedia&parent=259"}],"curies":[{"name":"wp","href":"https:\/\/api.w.org\/{rel}","templated":true}]}}