{"id":686,"date":"2024-01-19T16:48:31","date_gmt":"2024-01-19T22:48:31","guid":{"rendered":"https:\/\/dontmesswithtexas.org\/?page_id=686"},"modified":"2024-08-22T14:31:49","modified_gmt":"2024-08-22T19:31:49","slug":"contactanos","status":"publish","type":"page","link":"https:\/\/dontmesswithtexas.org\/es\/contactanos","title":{"rendered":"Cont\u00e1ctanos"},"content":{"rendered":"<div id=\"cs-content\" class=\"cs-content\"><\/div>\n","protected":false},"excerpt":{"rendered":"<p>CONT\u00c1CTANOS \u00bfTienes alguna pregunta, historia o algo que comentar? \u00a1Cu\u00e9ntanos! Llena el siguiente formulario y alguien de Don\u2019t mess with Texas\u00ae se pondr\u00e1 en contacto contigo. Si te interesa hacer una alianza con nosotros, llena el Formulario de Alianzas. X\/TwitterEste campo es un campo de validaci\u00f3n y debe quedar sin cambios.Esta informaci\u00f3n es s\u00f3lo para uso interno; no se distribuir\u00e1 &#8230; <\/p>\n<div><a href=\"https:\/\/dontmesswithtexas.org\/es\/contactanos\" class=\"more-link\">Sigue leyendo<\/a><\/div>\n","protected":false},"author":6,"featured_media":0,"parent":0,"menu_order":0,"comment_status":"closed","ping_status":"closed","template":"template-blank-4.php","meta":{"_acf_changed":false,"footnotes":""},"class_list":["post-686","page","type-page","status-publish","hentry","no-post-thumbnail"],"acf":[],"yoast_head":"<!-- This site is optimized with the Yoast SEO plugin v27.3 - https:\/\/yoast.com\/product\/yoast-seo-wordpress\/ -->\n<title>Cont\u00e1ctanos - Don&#039;t Mess With Texas<\/title>\n<meta name=\"description\" content=\"\u00bfTienes alguna pregunta, historia o algo que comentar? \u00a1Cu\u00e9ntanos! Llena el siguiente formulario y alguien de Don\u2019t mess with Texas\u00ae se pondr\u00e1 en contacto contigo.\" \/>\n<meta name=\"robots\" content=\"index, follow, max-snippet:-1, max-image-preview:large, max-video-preview:-1\" \/>\n<link rel=\"canonical\" href=\"https:\/\/dontmesswithtexas.org\/es\/contactanos\" \/>\n<meta property=\"og:locale\" content=\"es_ES\" \/>\n<meta property=\"og:type\" content=\"article\" \/>\n<meta property=\"og:title\" content=\"Cont\u00e1ctanos - Don&#039;t Mess With Texas\" \/>\n<meta property=\"og:description\" content=\"\u00bfTienes alguna pregunta, historia o algo que comentar? \u00a1Cu\u00e9ntanos! Llena el siguiente formulario y alguien de Don\u2019t mess with Texas\u00ae se pondr\u00e1 en contacto contigo.\" \/>\n<meta property=\"og:url\" content=\"https:\/\/dontmesswithtexas.org\/es\/contactanos\" \/>\n<meta property=\"og:site_name\" content=\"Don&#039;t Mess With Texas\" \/>\n<meta property=\"article:publisher\" content=\"https:\/\/www.facebook.com\/dmwtprogram\" \/>\n<meta property=\"article:modified_time\" content=\"2024-08-22T19:31:49+00:00\" \/>\n<meta name=\"twitter:card\" content=\"summary_large_image\" \/>\n<meta name=\"twitter:site\" content=\"@DMWT_Program\" \/>\n<meta name=\"twitter:label1\" content=\"Tiempo de lectura\" \/>\n\t<meta name=\"twitter:data1\" content=\"4 minutos\" \/>\n<script type=\"application\/ld+json\" class=\"yoast-schema-graph\">{\"@context\":\"https:\\\/\\\/schema.org\",\"@graph\":[{\"@type\":\"WebPage\",\"@id\":\"https:\\\/\\\/dontmesswithtexas.org\\\/es\\\/contactanos\",\"url\":\"https:\\\/\\\/dontmesswithtexas.org\\\/es\\\/contactanos\",\"name\":\"Cont\u00e1ctanos - Don&#039;t Mess With Texas\",\"isPartOf\":{\"@id\":\"https:\\\/\\\/dontmesswithtexas.org\\\/es\\\/#website\"},\"datePublished\":\"2024-01-19T22:48:31+00:00\",\"dateModified\":\"2024-08-22T19:31:49+00:00\",\"description\":\"\u00bfTienes alguna pregunta, historia o algo que comentar? \u00a1Cu\u00e9ntanos! Llena el siguiente formulario y alguien de Don\u2019t mess with Texas\u00ae se pondr\u00e1 en contacto contigo.\",\"breadcrumb\":{\"@id\":\"https:\\\/\\\/dontmesswithtexas.org\\\/es\\\/contactanos#breadcrumb\"},\"inLanguage\":\"es\",\"potentialAction\":[{\"@type\":\"ReadAction\",\"target\":[\"https:\\\/\\\/dontmesswithtexas.org\\\/es\\\/contactanos\"]}]},{\"@type\":\"BreadcrumbList\",\"@id\":\"https:\\\/\\\/dontmesswithtexas.org\\\/es\\\/contactanos#breadcrumb\",\"itemListElement\":[{\"@type\":\"ListItem\",\"position\":1,\"name\":\"Inicio\",\"item\":\"https:\\\/\\\/dontmesswithtexas.org\\\/es?page_id=305\"},{\"@type\":\"ListItem\",\"position\":2,\"name\":\"Cont\u00e1ctanos\"}]},{\"@type\":\"WebSite\",\"@id\":\"https:\\\/\\\/dontmesswithtexas.org\\\/es\\\/#website\",\"url\":\"https:\\\/\\\/dontmesswithtexas.org\\\/es\\\/\",\"name\":\"Don't Mess With Texas\",\"description\":\"\",\"publisher\":{\"@id\":\"https:\\\/\\\/dontmesswithtexas.org\\\/es\\\/#organization\"},\"potentialAction\":[{\"@type\":\"SearchAction\",\"target\":{\"@type\":\"EntryPoint\",\"urlTemplate\":\"https:\\\/\\\/dontmesswithtexas.org\\\/es\\\/?s={search_term_string}\"},\"query-input\":{\"@type\":\"PropertyValueSpecification\",\"valueRequired\":true,\"valueName\":\"search_term_string\"}}],\"inLanguage\":\"es\"},{\"@type\":\"Organization\",\"@id\":\"https:\\\/\\\/dontmesswithtexas.org\\\/es\\\/#organization\",\"name\":\"Don't Mess With Texas\",\"url\":\"https:\\\/\\\/dontmesswithtexas.org\\\/es\\\/\",\"logo\":{\"@type\":\"ImageObject\",\"inLanguage\":\"es\",\"@id\":\"https:\\\/\\\/dontmesswithtexas.org\\\/es\\\/#\\\/schema\\\/logo\\\/image\\\/\",\"url\":\"https:\\\/\\\/dontmesswithtexas.org\\\/wp-content\\\/uploads\\\/2023\\\/12\\\/TxDOT_DMWT_Logo_Black.png\",\"contentUrl\":\"https:\\\/\\\/dontmesswithtexas.org\\\/wp-content\\\/uploads\\\/2023\\\/12\\\/TxDOT_DMWT_Logo_Black.png\",\"width\":700,\"height\":73,\"caption\":\"Don't Mess With Texas\"},\"image\":{\"@id\":\"https:\\\/\\\/dontmesswithtexas.org\\\/es\\\/#\\\/schema\\\/logo\\\/image\\\/\"},\"sameAs\":[\"https:\\\/\\\/www.facebook.com\\\/dmwtprogram\",\"https:\\\/\\\/x.com\\\/DMWT_Program\",\"https:\\\/\\\/www.instagram.com\\\/dontmesstexas\",\"https:\\\/\\\/www.youtube.com\\\/user\\\/DontMessWithTexasTV\"]}]}<\/script>\n<!-- \/ Yoast SEO plugin. -->","yoast_head_json":{"title":"Cont\u00e1ctanos - Don&#039;t Mess With Texas","description":"\u00bfTienes alguna pregunta, historia o algo que comentar? \u00a1Cu\u00e9ntanos! Llena el siguiente formulario y alguien de Don\u2019t mess with Texas\u00ae se pondr\u00e1 en contacto contigo.","robots":{"index":"index","follow":"follow","max-snippet":"max-snippet:-1","max-image-preview":"max-image-preview:large","max-video-preview":"max-video-preview:-1"},"canonical":"https:\/\/dontmesswithtexas.org\/es\/contactanos","og_locale":"es_ES","og_type":"article","og_title":"Cont\u00e1ctanos - Don&#039;t Mess With Texas","og_description":"\u00bfTienes alguna pregunta, historia o algo que comentar? \u00a1Cu\u00e9ntanos! Llena el siguiente formulario y alguien de Don\u2019t mess with Texas\u00ae se pondr\u00e1 en contacto contigo.","og_url":"https:\/\/dontmesswithtexas.org\/es\/contactanos","og_site_name":"Don&#039;t Mess With Texas","article_publisher":"https:\/\/www.facebook.com\/dmwtprogram","article_modified_time":"2024-08-22T19:31:49+00:00","twitter_card":"summary_large_image","twitter_site":"@DMWT_Program","twitter_misc":{"Tiempo de lectura":"4 minutos"},"schema":{"@context":"https:\/\/schema.org","@graph":[{"@type":"WebPage","@id":"https:\/\/dontmesswithtexas.org\/es\/contactanos","url":"https:\/\/dontmesswithtexas.org\/es\/contactanos","name":"Cont\u00e1ctanos - Don&#039;t Mess With Texas","isPartOf":{"@id":"https:\/\/dontmesswithtexas.org\/es\/#website"},"datePublished":"2024-01-19T22:48:31+00:00","dateModified":"2024-08-22T19:31:49+00:00","description":"\u00bfTienes alguna pregunta, historia o algo que comentar? \u00a1Cu\u00e9ntanos! Llena el siguiente formulario y alguien de Don\u2019t mess with Texas\u00ae se pondr\u00e1 en contacto contigo.","breadcrumb":{"@id":"https:\/\/dontmesswithtexas.org\/es\/contactanos#breadcrumb"},"inLanguage":"es","potentialAction":[{"@type":"ReadAction","target":["https:\/\/dontmesswithtexas.org\/es\/contactanos"]}]},{"@type":"BreadcrumbList","@id":"https:\/\/dontmesswithtexas.org\/es\/contactanos#breadcrumb","itemListElement":[{"@type":"ListItem","position":1,"name":"Inicio","item":"https:\/\/dontmesswithtexas.org\/es?page_id=305"},{"@type":"ListItem","position":2,"name":"Cont\u00e1ctanos"}]},{"@type":"WebSite","@id":"https:\/\/dontmesswithtexas.org\/es\/#website","url":"https:\/\/dontmesswithtexas.org\/es\/","name":"Don't Mess With Texas","description":"","publisher":{"@id":"https:\/\/dontmesswithtexas.org\/es\/#organization"},"potentialAction":[{"@type":"SearchAction","target":{"@type":"EntryPoint","urlTemplate":"https:\/\/dontmesswithtexas.org\/es\/?s={search_term_string}"},"query-input":{"@type":"PropertyValueSpecification","valueRequired":true,"valueName":"search_term_string"}}],"inLanguage":"es"},{"@type":"Organization","@id":"https:\/\/dontmesswithtexas.org\/es\/#organization","name":"Don't Mess With Texas","url":"https:\/\/dontmesswithtexas.org\/es\/","logo":{"@type":"ImageObject","inLanguage":"es","@id":"https:\/\/dontmesswithtexas.org\/es\/#\/schema\/logo\/image\/","url":"https:\/\/dontmesswithtexas.org\/wp-content\/uploads\/2023\/12\/TxDOT_DMWT_Logo_Black.png","contentUrl":"https:\/\/dontmesswithtexas.org\/wp-content\/uploads\/2023\/12\/TxDOT_DMWT_Logo_Black.png","width":700,"height":73,"caption":"Don't Mess With Texas"},"image":{"@id":"https:\/\/dontmesswithtexas.org\/es\/#\/schema\/logo\/image\/"},"sameAs":["https:\/\/www.facebook.com\/dmwtprogram","https:\/\/x.com\/DMWT_Program","https:\/\/www.instagram.com\/dontmesstexas","https:\/\/www.youtube.com\/user\/DontMessWithTexasTV"]}]}},"_links":{"self":[{"href":"https:\/\/dontmesswithtexas.org\/es\/index.php?rest_route=\/wp\/v2\/pages\/686","targetHints":{"allow":["GET"]}}],"collection":[{"href":"https:\/\/dontmesswithtexas.org\/es\/index.php?rest_route=\/wp\/v2\/pages"}],"about":[{"href":"https:\/\/dontmesswithtexas.org\/es\/index.php?rest_route=\/wp\/v2\/types\/page"}],"author":[{"embeddable":true,"href":"https:\/\/dontmesswithtexas.org\/es\/index.php?rest_route=\/wp\/v2\/users\/6"}],"replies":[{"embeddable":true,"href":"https:\/\/dontmesswithtexas.org\/es\/index.php?rest_route=%2Fwp%2Fv2%2Fcomments&post=686"}],"version-history":[{"count":0,"href":"https:\/\/dontmesswithtexas.org\/es\/index.php?rest_route=\/wp\/v2\/pages\/686\/revisions"}],"wp:attachment":[{"href":"https:\/\/dontmesswithtexas.org\/es\/index.php?rest_route=%2Fwp%2Fv2%2Fmedia&parent=686"}],"curies":[{"name":"wp","href":"https:\/\/api.w.org\/{rel}","templated":true}]}}