{"id":969,"date":"2024-01-30T16:09:53","date_gmt":"2024-01-30T22:09:53","guid":{"rendered":"https:\/\/dontmesswithtexas.org\/?page_id=969"},"modified":"2026-04-01T12:46:25","modified_gmt":"2026-04-01T17:46:25","slug":"trash-off","status":"publish","type":"page","link":"https:\/\/dontmesswithtexas.org\/es\/trash-off","title":{"rendered":"Trash-Off"},"content":{"rendered":"<div id=\"cs-content\" class=\"cs-content\"><\/div>\n","protected":false},"excerpt":{"rendered":"<p>\u00a1EVENTO ANUAL ARRASABASURA DE TEXAS! El Don&#8217;t mess with Texas\u00ae Trash-Off es el evento m\u00e1s importante del estado para recoger basura. Cada abril, voluntarios de todo Texas se re\u00fanen para limpiar las carreteras, embellecer las comunidades y mostrar lo que significa sentirse orgulloso de nuestro estado. &nbsp; En 2025, el Trash-Off se celebr\u00f3 en Tyler (Texas), el mismo lugar donde &#8230; <\/p>\n<div><a href=\"https:\/\/dontmesswithtexas.org\/es\/trash-off\" class=\"more-link\">Sigue leyendo<\/a><\/div>\n","protected":false},"author":6,"featured_media":0,"parent":0,"menu_order":0,"comment_status":"closed","ping_status":"closed","template":"template-blank-4.php","meta":{"_acf_changed":false,"footnotes":""},"class_list":["post-969","page","type-page","status-publish","hentry","no-post-thumbnail"],"acf":[],"yoast_head":"<!-- This site is optimized with the Yoast SEO plugin v27.3 - https:\/\/yoast.com\/product\/yoast-seo-wordpress\/ -->\n<title>Trash-Off - Don&#039;t Mess With Texas<\/title>\n<meta name=\"description\" content=\"Todos los a\u00f1os en abril, gente de todo el estado se re\u00fane para mantener limpia alg\u00fan \u00e1rea especial de Texas\" \/>\n<meta name=\"robots\" content=\"index, follow, max-snippet:-1, max-image-preview:large, max-video-preview:-1\" \/>\n<link rel=\"canonical\" href=\"https:\/\/dontmesswithtexas.org\/es\/trash-off\" \/>\n<meta property=\"og:locale\" content=\"es_ES\" \/>\n<meta property=\"og:type\" content=\"article\" \/>\n<meta property=\"og:title\" content=\"Trash-Off - Don&#039;t Mess With Texas\" \/>\n<meta property=\"og:description\" content=\"Todos los a\u00f1os en abril, gente de todo el estado se re\u00fane para mantener limpia alg\u00fan \u00e1rea especial de Texas\" \/>\n<meta property=\"og:url\" content=\"https:\/\/dontmesswithtexas.org\/es\/trash-off\" \/>\n<meta property=\"og:site_name\" content=\"Don&#039;t Mess With Texas\" \/>\n<meta property=\"article:publisher\" content=\"https:\/\/www.facebook.com\/dmwtprogram\" \/>\n<meta property=\"article:modified_time\" content=\"2026-04-01T17:46:25+00:00\" \/>\n<meta name=\"twitter:card\" content=\"summary_large_image\" \/>\n<meta name=\"twitter:site\" content=\"@DMWT_Program\" \/>\n<meta name=\"twitter:label1\" content=\"Tiempo de lectura\" \/>\n\t<meta name=\"twitter:data1\" content=\"7 minutos\" \/>\n<script type=\"application\/ld+json\" class=\"yoast-schema-graph\">{\"@context\":\"https:\\\/\\\/schema.org\",\"@graph\":[{\"@type\":\"WebPage\",\"@id\":\"https:\\\/\\\/dontmesswithtexas.org\\\/es\\\/trash-off\",\"url\":\"https:\\\/\\\/dontmesswithtexas.org\\\/es\\\/trash-off\",\"name\":\"Trash-Off - Don&#039;t Mess With Texas\",\"isPartOf\":{\"@id\":\"https:\\\/\\\/dontmesswithtexas.org\\\/es\\\/#website\"},\"datePublished\":\"2024-01-30T22:09:53+00:00\",\"dateModified\":\"2026-04-01T17:46:25+00:00\",\"description\":\"Todos los a\u00f1os en abril, gente de todo el estado se re\u00fane para mantener limpia alg\u00fan \u00e1rea especial de Texas\",\"breadcrumb\":{\"@id\":\"https:\\\/\\\/dontmesswithtexas.org\\\/es\\\/trash-off#breadcrumb\"},\"inLanguage\":\"es\",\"potentialAction\":[{\"@type\":\"ReadAction\",\"target\":[\"https:\\\/\\\/dontmesswithtexas.org\\\/es\\\/trash-off\"]}]},{\"@type\":\"BreadcrumbList\",\"@id\":\"https:\\\/\\\/dontmesswithtexas.org\\\/es\\\/trash-off#breadcrumb\",\"itemListElement\":[{\"@type\":\"ListItem\",\"position\":1,\"name\":\"Inicio\",\"item\":\"https:\\\/\\\/dontmesswithtexas.org\\\/es?page_id=305\"},{\"@type\":\"ListItem\",\"position\":2,\"name\":\"Trash-Off\"}]},{\"@type\":\"WebSite\",\"@id\":\"https:\\\/\\\/dontmesswithtexas.org\\\/es\\\/#website\",\"url\":\"https:\\\/\\\/dontmesswithtexas.org\\\/es\\\/\",\"name\":\"Don't Mess With Texas\",\"description\":\"\",\"publisher\":{\"@id\":\"https:\\\/\\\/dontmesswithtexas.org\\\/es\\\/#organization\"},\"potentialAction\":[{\"@type\":\"SearchAction\",\"target\":{\"@type\":\"EntryPoint\",\"urlTemplate\":\"https:\\\/\\\/dontmesswithtexas.org\\\/es\\\/?s={search_term_string}\"},\"query-input\":{\"@type\":\"PropertyValueSpecification\",\"valueRequired\":true,\"valueName\":\"search_term_string\"}}],\"inLanguage\":\"es\"},{\"@type\":\"Organization\",\"@id\":\"https:\\\/\\\/dontmesswithtexas.org\\\/es\\\/#organization\",\"name\":\"Don't Mess With Texas\",\"url\":\"https:\\\/\\\/dontmesswithtexas.org\\\/es\\\/\",\"logo\":{\"@type\":\"ImageObject\",\"inLanguage\":\"es\",\"@id\":\"https:\\\/\\\/dontmesswithtexas.org\\\/es\\\/#\\\/schema\\\/logo\\\/image\\\/\",\"url\":\"https:\\\/\\\/dontmesswithtexas.org\\\/wp-content\\\/uploads\\\/2023\\\/12\\\/TxDOT_DMWT_Logo_Black.png\",\"contentUrl\":\"https:\\\/\\\/dontmesswithtexas.org\\\/wp-content\\\/uploads\\\/2023\\\/12\\\/TxDOT_DMWT_Logo_Black.png\",\"width\":700,\"height\":73,\"caption\":\"Don't Mess With Texas\"},\"image\":{\"@id\":\"https:\\\/\\\/dontmesswithtexas.org\\\/es\\\/#\\\/schema\\\/logo\\\/image\\\/\"},\"sameAs\":[\"https:\\\/\\\/www.facebook.com\\\/dmwtprogram\",\"https:\\\/\\\/x.com\\\/DMWT_Program\",\"https:\\\/\\\/www.instagram.com\\\/dontmesstexas\",\"https:\\\/\\\/www.youtube.com\\\/user\\\/DontMessWithTexasTV\"]}]}<\/script>\n<!-- \/ Yoast SEO plugin. -->","yoast_head_json":{"title":"Trash-Off - Don&#039;t Mess With Texas","description":"Todos los a\u00f1os en abril, gente de todo el estado se re\u00fane para mantener limpia alg\u00fan \u00e1rea especial de Texas","robots":{"index":"index","follow":"follow","max-snippet":"max-snippet:-1","max-image-preview":"max-image-preview:large","max-video-preview":"max-video-preview:-1"},"canonical":"https:\/\/dontmesswithtexas.org\/es\/trash-off","og_locale":"es_ES","og_type":"article","og_title":"Trash-Off - Don&#039;t Mess With Texas","og_description":"Todos los a\u00f1os en abril, gente de todo el estado se re\u00fane para mantener limpia alg\u00fan \u00e1rea especial de Texas","og_url":"https:\/\/dontmesswithtexas.org\/es\/trash-off","og_site_name":"Don&#039;t Mess With Texas","article_publisher":"https:\/\/www.facebook.com\/dmwtprogram","article_modified_time":"2026-04-01T17:46:25+00:00","twitter_card":"summary_large_image","twitter_site":"@DMWT_Program","twitter_misc":{"Tiempo de lectura":"7 minutos"},"schema":{"@context":"https:\/\/schema.org","@graph":[{"@type":"WebPage","@id":"https:\/\/dontmesswithtexas.org\/es\/trash-off","url":"https:\/\/dontmesswithtexas.org\/es\/trash-off","name":"Trash-Off - Don&#039;t Mess With Texas","isPartOf":{"@id":"https:\/\/dontmesswithtexas.org\/es\/#website"},"datePublished":"2024-01-30T22:09:53+00:00","dateModified":"2026-04-01T17:46:25+00:00","description":"Todos los a\u00f1os en abril, gente de todo el estado se re\u00fane para mantener limpia alg\u00fan \u00e1rea especial de Texas","breadcrumb":{"@id":"https:\/\/dontmesswithtexas.org\/es\/trash-off#breadcrumb"},"inLanguage":"es","potentialAction":[{"@type":"ReadAction","target":["https:\/\/dontmesswithtexas.org\/es\/trash-off"]}]},{"@type":"BreadcrumbList","@id":"https:\/\/dontmesswithtexas.org\/es\/trash-off#breadcrumb","itemListElement":[{"@type":"ListItem","position":1,"name":"Inicio","item":"https:\/\/dontmesswithtexas.org\/es?page_id=305"},{"@type":"ListItem","position":2,"name":"Trash-Off"}]},{"@type":"WebSite","@id":"https:\/\/dontmesswithtexas.org\/es\/#website","url":"https:\/\/dontmesswithtexas.org\/es\/","name":"Don't Mess With Texas","description":"","publisher":{"@id":"https:\/\/dontmesswithtexas.org\/es\/#organization"},"potentialAction":[{"@type":"SearchAction","target":{"@type":"EntryPoint","urlTemplate":"https:\/\/dontmesswithtexas.org\/es\/?s={search_term_string}"},"query-input":{"@type":"PropertyValueSpecification","valueRequired":true,"valueName":"search_term_string"}}],"inLanguage":"es"},{"@type":"Organization","@id":"https:\/\/dontmesswithtexas.org\/es\/#organization","name":"Don't Mess With Texas","url":"https:\/\/dontmesswithtexas.org\/es\/","logo":{"@type":"ImageObject","inLanguage":"es","@id":"https:\/\/dontmesswithtexas.org\/es\/#\/schema\/logo\/image\/","url":"https:\/\/dontmesswithtexas.org\/wp-content\/uploads\/2023\/12\/TxDOT_DMWT_Logo_Black.png","contentUrl":"https:\/\/dontmesswithtexas.org\/wp-content\/uploads\/2023\/12\/TxDOT_DMWT_Logo_Black.png","width":700,"height":73,"caption":"Don't Mess With Texas"},"image":{"@id":"https:\/\/dontmesswithtexas.org\/es\/#\/schema\/logo\/image\/"},"sameAs":["https:\/\/www.facebook.com\/dmwtprogram","https:\/\/x.com\/DMWT_Program","https:\/\/www.instagram.com\/dontmesstexas","https:\/\/www.youtube.com\/user\/DontMessWithTexasTV"]}]}},"_links":{"self":[{"href":"https:\/\/dontmesswithtexas.org\/es\/index.php?rest_route=\/wp\/v2\/pages\/969","targetHints":{"allow":["GET"]}}],"collection":[{"href":"https:\/\/dontmesswithtexas.org\/es\/index.php?rest_route=\/wp\/v2\/pages"}],"about":[{"href":"https:\/\/dontmesswithtexas.org\/es\/index.php?rest_route=\/wp\/v2\/types\/page"}],"author":[{"embeddable":true,"href":"https:\/\/dontmesswithtexas.org\/es\/index.php?rest_route=\/wp\/v2\/users\/6"}],"replies":[{"embeddable":true,"href":"https:\/\/dontmesswithtexas.org\/es\/index.php?rest_route=%2Fwp%2Fv2%2Fcomments&post=969"}],"version-history":[{"count":6,"href":"https:\/\/dontmesswithtexas.org\/es\/index.php?rest_route=\/wp\/v2\/pages\/969\/revisions"}],"predecessor-version":[{"id":2249,"href":"https:\/\/dontmesswithtexas.org\/es\/index.php?rest_route=\/wp\/v2\/pages\/969\/revisions\/2249"}],"wp:attachment":[{"href":"https:\/\/dontmesswithtexas.org\/es\/index.php?rest_route=%2Fwp%2Fv2%2Fmedia&parent=969"}],"curies":[{"name":"wp","href":"https:\/\/api.w.org\/{rel}","templated":true}]}}