{"id":970,"date":"2024-01-29T21:43:05","date_gmt":"2024-01-30T03:43:05","guid":{"rendered":"https:\/\/dontmesswithtexas.org\/?page_id=970"},"modified":"2026-04-02T15:23:05","modified_gmt":"2026-04-02T20:23:05","slug":"adopt-a-highway","status":"publish","type":"page","link":"https:\/\/dontmesswithtexas.org\/es\/adopt-a-highway","title":{"rendered":"Adopt a Highway"},"content":{"rendered":"<div id=\"cs-content\" class=\"cs-content\"><\/div>\n","protected":false},"excerpt":{"rendered":"<p>haz clic aqu\u00ed para solicitarlo ver la solicitud para adoptar una carreteraA trav\u00e9s de los a\u00f1os Desde su creaci\u00f3n, el programa Adopta una Carretera se ha convertido en un s\u00edmbolo del orgullo tejano y de la protecci\u00f3n del medio ambiente. Durante cuatro d\u00e9cadas, miles de voluntarios han unido sus manos para mantener nuestras carreteras limpias, seguras y bellas. Explora nuestra &#8230; <\/p>\n<div><a href=\"https:\/\/dontmesswithtexas.org\/es\/adopt-a-highway\" class=\"more-link\">Sigue leyendo<\/a><\/div>\n","protected":false},"author":6,"featured_media":0,"parent":0,"menu_order":0,"comment_status":"closed","ping_status":"closed","template":"template-blank-4.php","meta":{"_acf_changed":false,"footnotes":""},"class_list":["post-970","page","type-page","status-publish","hentry","no-post-thumbnail"],"acf":[],"yoast_head":"<!-- This site is optimized with the Yoast SEO plugin v27.3 - https:\/\/yoast.com\/product\/yoast-seo-wordpress\/ -->\n<title>Adopt a Highway - Don&#039;t Mess With Texas<\/title>\n<meta name=\"description\" content=\"Adopt-a-Highway es un programa originario de Texas que permite a voluntarios adoptar tramos de carreteras mantenidas por el estado para realizar recogidas de basura.\" \/>\n<meta name=\"robots\" content=\"index, follow, max-snippet:-1, max-image-preview:large, max-video-preview:-1\" \/>\n<link rel=\"canonical\" href=\"https:\/\/dontmesswithtexas.org\/es\/adopt-a-highway\" \/>\n<meta property=\"og:locale\" content=\"es_ES\" \/>\n<meta property=\"og:type\" content=\"article\" \/>\n<meta property=\"og:title\" content=\"Adopt a Highway - Don&#039;t Mess With Texas\" \/>\n<meta property=\"og:description\" content=\"Adopt-a-Highway es un programa originario de Texas que permite a voluntarios adoptar tramos de carreteras mantenidas por el estado para realizar recogidas de basura.\" \/>\n<meta property=\"og:url\" content=\"https:\/\/dontmesswithtexas.org\/es\/adopt-a-highway\" \/>\n<meta property=\"og:site_name\" content=\"Don&#039;t Mess With Texas\" \/>\n<meta property=\"article:publisher\" content=\"https:\/\/www.facebook.com\/dmwtprogram\" \/>\n<meta property=\"article:modified_time\" content=\"2026-04-02T20:23:05+00:00\" \/>\n<meta name=\"twitter:card\" content=\"summary_large_image\" \/>\n<meta name=\"twitter:site\" content=\"@DMWT_Program\" \/>\n<meta name=\"twitter:label1\" content=\"Tiempo de lectura\" \/>\n\t<meta name=\"twitter:data1\" content=\"24 minutos\" \/>\n<script type=\"application\/ld+json\" class=\"yoast-schema-graph\">{\"@context\":\"https:\\\/\\\/schema.org\",\"@graph\":[{\"@type\":\"WebPage\",\"@id\":\"https:\\\/\\\/dontmesswithtexas.org\\\/es\\\/adopt-a-highway\",\"url\":\"https:\\\/\\\/dontmesswithtexas.org\\\/es\\\/adopt-a-highway\",\"name\":\"Adopt a Highway - Don&#039;t Mess With Texas\",\"isPartOf\":{\"@id\":\"https:\\\/\\\/dontmesswithtexas.org\\\/es\\\/#website\"},\"datePublished\":\"2024-01-30T03:43:05+00:00\",\"dateModified\":\"2026-04-02T20:23:05+00:00\",\"description\":\"Adopt-a-Highway es un programa originario de Texas que permite a voluntarios adoptar tramos de carreteras mantenidas por el estado para realizar recogidas de basura.\",\"breadcrumb\":{\"@id\":\"https:\\\/\\\/dontmesswithtexas.org\\\/es\\\/adopt-a-highway#breadcrumb\"},\"inLanguage\":\"es\",\"potentialAction\":[{\"@type\":\"ReadAction\",\"target\":[\"https:\\\/\\\/dontmesswithtexas.org\\\/es\\\/adopt-a-highway\"]}]},{\"@type\":\"BreadcrumbList\",\"@id\":\"https:\\\/\\\/dontmesswithtexas.org\\\/es\\\/adopt-a-highway#breadcrumb\",\"itemListElement\":[{\"@type\":\"ListItem\",\"position\":1,\"name\":\"Inicio\",\"item\":\"https:\\\/\\\/dontmesswithtexas.org\\\/es?page_id=305\"},{\"@type\":\"ListItem\",\"position\":2,\"name\":\"Adopt a Highway\"}]},{\"@type\":\"WebSite\",\"@id\":\"https:\\\/\\\/dontmesswithtexas.org\\\/es\\\/#website\",\"url\":\"https:\\\/\\\/dontmesswithtexas.org\\\/es\\\/\",\"name\":\"Don't Mess With Texas\",\"description\":\"\",\"publisher\":{\"@id\":\"https:\\\/\\\/dontmesswithtexas.org\\\/es\\\/#organization\"},\"potentialAction\":[{\"@type\":\"SearchAction\",\"target\":{\"@type\":\"EntryPoint\",\"urlTemplate\":\"https:\\\/\\\/dontmesswithtexas.org\\\/es\\\/?s={search_term_string}\"},\"query-input\":{\"@type\":\"PropertyValueSpecification\",\"valueRequired\":true,\"valueName\":\"search_term_string\"}}],\"inLanguage\":\"es\"},{\"@type\":\"Organization\",\"@id\":\"https:\\\/\\\/dontmesswithtexas.org\\\/es\\\/#organization\",\"name\":\"Don't Mess With Texas\",\"url\":\"https:\\\/\\\/dontmesswithtexas.org\\\/es\\\/\",\"logo\":{\"@type\":\"ImageObject\",\"inLanguage\":\"es\",\"@id\":\"https:\\\/\\\/dontmesswithtexas.org\\\/es\\\/#\\\/schema\\\/logo\\\/image\\\/\",\"url\":\"https:\\\/\\\/dontmesswithtexas.org\\\/wp-content\\\/uploads\\\/2023\\\/12\\\/TxDOT_DMWT_Logo_Black.png\",\"contentUrl\":\"https:\\\/\\\/dontmesswithtexas.org\\\/wp-content\\\/uploads\\\/2023\\\/12\\\/TxDOT_DMWT_Logo_Black.png\",\"width\":700,\"height\":73,\"caption\":\"Don't Mess With Texas\"},\"image\":{\"@id\":\"https:\\\/\\\/dontmesswithtexas.org\\\/es\\\/#\\\/schema\\\/logo\\\/image\\\/\"},\"sameAs\":[\"https:\\\/\\\/www.facebook.com\\\/dmwtprogram\",\"https:\\\/\\\/x.com\\\/DMWT_Program\",\"https:\\\/\\\/www.instagram.com\\\/dontmesstexas\",\"https:\\\/\\\/www.youtube.com\\\/user\\\/DontMessWithTexasTV\"]}]}<\/script>\n<!-- \/ Yoast SEO plugin. -->","yoast_head_json":{"title":"Adopt a Highway - Don&#039;t Mess With Texas","description":"Adopt-a-Highway es un programa originario de Texas que permite a voluntarios adoptar tramos de carreteras mantenidas por el estado para realizar recogidas de basura.","robots":{"index":"index","follow":"follow","max-snippet":"max-snippet:-1","max-image-preview":"max-image-preview:large","max-video-preview":"max-video-preview:-1"},"canonical":"https:\/\/dontmesswithtexas.org\/es\/adopt-a-highway","og_locale":"es_ES","og_type":"article","og_title":"Adopt a Highway - Don&#039;t Mess With Texas","og_description":"Adopt-a-Highway es un programa originario de Texas que permite a voluntarios adoptar tramos de carreteras mantenidas por el estado para realizar recogidas de basura.","og_url":"https:\/\/dontmesswithtexas.org\/es\/adopt-a-highway","og_site_name":"Don&#039;t Mess With Texas","article_publisher":"https:\/\/www.facebook.com\/dmwtprogram","article_modified_time":"2026-04-02T20:23:05+00:00","twitter_card":"summary_large_image","twitter_site":"@DMWT_Program","twitter_misc":{"Tiempo de lectura":"24 minutos"},"schema":{"@context":"https:\/\/schema.org","@graph":[{"@type":"WebPage","@id":"https:\/\/dontmesswithtexas.org\/es\/adopt-a-highway","url":"https:\/\/dontmesswithtexas.org\/es\/adopt-a-highway","name":"Adopt a Highway - Don&#039;t Mess With Texas","isPartOf":{"@id":"https:\/\/dontmesswithtexas.org\/es\/#website"},"datePublished":"2024-01-30T03:43:05+00:00","dateModified":"2026-04-02T20:23:05+00:00","description":"Adopt-a-Highway es un programa originario de Texas que permite a voluntarios adoptar tramos de carreteras mantenidas por el estado para realizar recogidas de basura.","breadcrumb":{"@id":"https:\/\/dontmesswithtexas.org\/es\/adopt-a-highway#breadcrumb"},"inLanguage":"es","potentialAction":[{"@type":"ReadAction","target":["https:\/\/dontmesswithtexas.org\/es\/adopt-a-highway"]}]},{"@type":"BreadcrumbList","@id":"https:\/\/dontmesswithtexas.org\/es\/adopt-a-highway#breadcrumb","itemListElement":[{"@type":"ListItem","position":1,"name":"Inicio","item":"https:\/\/dontmesswithtexas.org\/es?page_id=305"},{"@type":"ListItem","position":2,"name":"Adopt a Highway"}]},{"@type":"WebSite","@id":"https:\/\/dontmesswithtexas.org\/es\/#website","url":"https:\/\/dontmesswithtexas.org\/es\/","name":"Don't Mess With Texas","description":"","publisher":{"@id":"https:\/\/dontmesswithtexas.org\/es\/#organization"},"potentialAction":[{"@type":"SearchAction","target":{"@type":"EntryPoint","urlTemplate":"https:\/\/dontmesswithtexas.org\/es\/?s={search_term_string}"},"query-input":{"@type":"PropertyValueSpecification","valueRequired":true,"valueName":"search_term_string"}}],"inLanguage":"es"},{"@type":"Organization","@id":"https:\/\/dontmesswithtexas.org\/es\/#organization","name":"Don't Mess With Texas","url":"https:\/\/dontmesswithtexas.org\/es\/","logo":{"@type":"ImageObject","inLanguage":"es","@id":"https:\/\/dontmesswithtexas.org\/es\/#\/schema\/logo\/image\/","url":"https:\/\/dontmesswithtexas.org\/wp-content\/uploads\/2023\/12\/TxDOT_DMWT_Logo_Black.png","contentUrl":"https:\/\/dontmesswithtexas.org\/wp-content\/uploads\/2023\/12\/TxDOT_DMWT_Logo_Black.png","width":700,"height":73,"caption":"Don't Mess With Texas"},"image":{"@id":"https:\/\/dontmesswithtexas.org\/es\/#\/schema\/logo\/image\/"},"sameAs":["https:\/\/www.facebook.com\/dmwtprogram","https:\/\/x.com\/DMWT_Program","https:\/\/www.instagram.com\/dontmesstexas","https:\/\/www.youtube.com\/user\/DontMessWithTexasTV"]}]}},"_links":{"self":[{"href":"https:\/\/dontmesswithtexas.org\/es\/index.php?rest_route=\/wp\/v2\/pages\/970","targetHints":{"allow":["GET"]}}],"collection":[{"href":"https:\/\/dontmesswithtexas.org\/es\/index.php?rest_route=\/wp\/v2\/pages"}],"about":[{"href":"https:\/\/dontmesswithtexas.org\/es\/index.php?rest_route=\/wp\/v2\/types\/page"}],"author":[{"embeddable":true,"href":"https:\/\/dontmesswithtexas.org\/es\/index.php?rest_route=\/wp\/v2\/users\/6"}],"replies":[{"embeddable":true,"href":"https:\/\/dontmesswithtexas.org\/es\/index.php?rest_route=%2Fwp%2Fv2%2Fcomments&post=970"}],"version-history":[{"count":11,"href":"https:\/\/dontmesswithtexas.org\/es\/index.php?rest_route=\/wp\/v2\/pages\/970\/revisions"}],"predecessor-version":[{"id":2270,"href":"https:\/\/dontmesswithtexas.org\/es\/index.php?rest_route=\/wp\/v2\/pages\/970\/revisions\/2270"}],"wp:attachment":[{"href":"https:\/\/dontmesswithtexas.org\/es\/index.php?rest_route=%2Fwp%2Fv2%2Fmedia&parent=970"}],"curies":[{"name":"wp","href":"https:\/\/api.w.org\/{rel}","templated":true}]}}